{"id":4969,"date":"2022-05-26T19:59:50","date_gmt":"2022-05-26T17:59:50","guid":{"rendered":"https:\/\/web.track4face.com\/?page_id=4969"},"modified":"2023-04-07T10:01:40","modified_gmt":"2023-04-07T08:01:40","slug":"contacto","status":"publish","type":"page","link":"https:\/\/track4face.pt\/pt\/contacto\/","title":{"rendered":"Contato"},"content":{"rendered":"<p><style>@media (min-width: 1200px) { .liquid-row-responsive-69d1a9bc5f101 {padding-top:100px !important; padding-bottom:100px !important;  }  }   <\/style><section data-bg-image=\"url\" class=\"vc_row wpb_row vc_row-fluid vc_custom_1661507472089 row-contains-padding-top row-contains-padding-bottom liquid-row-responsive-69d1a9bc5f101 liquid-row-shadowbox-69d1a9bc5f12a vc_row-has-fill vc_row-has-bg vc_row-o-full-height vc_row-o-columns-middle vc_row-flex\"><div class=\"ld-container container\"><div class=\"row ld-row\"><div class=\"wpb_column vc_column_container vc_col-sm-1 liquid-column-69d1a9bc60532\"><div class=\"vc_column-inner\"><div class=\"wpb_wrapper\"   ><div class=\"wpb_wrapper-inner\"><\/div><\/div><\/div><\/div><div class=\"wpb_column vc_column_container vc_col-sm-4 liquid-column-69d1a9bc60984\"><div class=\"vc_column-inner\"><div class=\"wpb_wrapper\"   ><div class=\"wpb_wrapper-inner\"><style>.ld_spacer_69d1a9bc60a65{height:20px;}@media (min-width: 768px) { .ld_spacer_69d1a9bc60a65{height:20px};}@media (min-width: 1200px) { .ld_spacer_69d1a9bc60a65{height:30px};}<\/style>\n<div class=\"ld-empty-space ld_spacer_69d1a9bc60a65\"><span class=\"liquid_empty_space_inner\"><\/span><\/div><div class=\"vc_row wpb_row vc_inner vc_row-fluid liquid-row-shadowbox-69d1a9bc60f43\"><div class=\"wpb_column vc_column_container vc_col-sm-10 vc_hidden-sm vc_hidden-xs liquid-column-69d1a9bc613fb\"><div class=\"vc_column-inner\"><div class=\"wpb_wrapper\"  ><div class=\"wpb_wrapper-inner\">\n\t<div  class=\"wpb_single_image wpb_content_element vc_align_left  liquid_vc_single_image-69d1a9bc65b0d\">\n\t\t\n\t\t<figure class=\"wpb_wrapper vc_figure\">\n\t\t\t<div class=\"vc_single_image-wrapper   vc_box_border_grey\"><img width=\"3733\" height=\"2154\" src=\"data:image\/svg+xml;charset=utf-8,&lt;svg xmlns%3D&#039;http%3A%2F%2Fwww.w3.org%2F2000%2Fsvg&#039; viewBox%3D&#039;0 0 3733 2154&#039;%2F&gt;\" class=\"vc_single_image-img attachment-full ld-lazyload\" alt=\"\" loading=\"lazy\" srcset=\"\" sizes=\"(max-width: 3733px) 100vw, 3733px\" data-src=\"https:\/\/track4face.pt\/wp-content\/uploads\/2022\/08\/Group-237471.png\" data-srcset=\"https:\/\/track4face.pt\/wp-content\/uploads\/2022\/08\/Group-237471.png 3733w, https:\/\/track4face.pt\/wp-content\/uploads\/2022\/08\/Group-237471-300x173.png 300w, https:\/\/track4face.pt\/wp-content\/uploads\/2022\/08\/Group-237471-1024x591.png 1024w, https:\/\/track4face.pt\/wp-content\/uploads\/2022\/08\/Group-237471-18x10.png 18w\" data-aspect=\"1.7330547818013\" \/><\/div>\n\t\t<\/figure>\n\t<\/div>\n<style>.ld_spacer_69d1a9bc65c09{height:20px;}<\/style>\n<div class=\"ld-empty-space ld_spacer_69d1a9bc65c09\"><span class=\"liquid_empty_space_inner\"><\/span><\/div><\/div><\/div><\/div><\/div><div class=\"wpb_column vc_column_container vc_col-sm-2 liquid-column-69d1a9bc660c5\"><div class=\"vc_column-inner\"><div class=\"wpb_wrapper\"  ><div class=\"wpb_wrapper-inner\"><\/div><\/div><\/div><\/div><\/div><div class=\"vc_row wpb_row vc_inner vc_row-fluid liquid-row-shadowbox-69d1a9bc66347\"><div class=\"wpb_column vc_column_container vc_col-sm-12 liquid-column-69d1a9bc66709 vc_col-has-fill\"><div class=\"vc_column-inner\"><div class=\"wpb_wrapper vc_custom_1661508093655\"  ><div class=\"wpb_wrapper-inner\"><style>.ld_fancy_heading_69d1a9bc66847 p{font-size:16px;line-height:1.5em;}.ld_fancy_heading_69d1a9bc66847 .lqd-highlight-inner{height:0.275em;bottom:0px;}<\/style><div class=\"ld-fancy-heading ld_fancy_heading_69d1a9bc66847\">\n\t<p class=\"lqd-highlight-underline lqd-highlight-grow-left\" ><span class=\"ld-fh-txt\"> <span style=\"color: #292929\">N\u00e3o hesite em contactar a nossa equipa. Teremos o maior prazer em ajud\u00e1-lo com o que voc\u00ea precisa.<\/span><\/span><\/p><\/div><style>.ld_spacer_69d1a9bc6e11c{height:20px;}<\/style>\n<div class=\"ld-empty-space ld_spacer_69d1a9bc6e11c\"><span class=\"liquid_empty_space_inner\"><\/span><\/div><div class=\"vc_separator wpb_content_element vc_separator_align_center vc_sep_width_20 vc_sep_pos_align_left vc_separator_no_text\" ><span class=\"vc_sep_holder vc_sep_holder_l\"><span  style=\"border-color:#343499;\" class=\"vc_sep_line\"><\/span><\/span><span class=\"vc_sep_holder vc_sep_holder_r\"><span  style=\"border-color:#343499;\" class=\"vc_sep_line\"><\/span><\/span>\n<\/div><style>.ld_fancy_heading_69d1a9bc6ef4e p{font-size:16px;line-height:1.5em;}.ld_fancy_heading_69d1a9bc6ef4e .lqd-highlight-inner{height:0.275em;bottom:0px;}<\/style><div class=\"ld-fancy-heading ld_fancy_heading_69d1a9bc6ef4e\">\n\t<p class=\"lqd-highlight-underline lqd-highlight-grow-left\" ><span class=\"ld-fh-txt\"> <span style=\"color: #292929\">Voc\u00ea pode usar nosso formul\u00e1rio de contato.<\/span><\/span><\/p><\/div><style>.ld_spacer_69d1a9bc6f849{height:20px;}<\/style>\n<div class=\"ld-empty-space ld_spacer_69d1a9bc6f849\"><span class=\"liquid_empty_space_inner\"><\/span><\/div><div class=\"vc_separator wpb_content_element vc_separator_align_center vc_sep_width_20 vc_sep_pos_align_left vc_separator_no_text\" ><span class=\"vc_sep_holder vc_sep_holder_l\"><span  style=\"border-color:#343499;\" class=\"vc_sep_line\"><\/span><\/span><span class=\"vc_sep_holder vc_sep_holder_r\"><span  style=\"border-color:#343499;\" class=\"vc_sep_line\"><\/span><\/span>\n<\/div><style>.ld_fancy_heading_69d1a9bc6fcd4 p{font-size:16px;line-height:1.5em;}.ld_fancy_heading_69d1a9bc6fcd4 .lqd-highlight-inner{height:0.275em;bottom:0px;}<\/style><div class=\"ld-fancy-heading ld_fancy_heading_69d1a9bc6fcd4\">\n\t<p class=\"lqd-highlight-underline lqd-highlight-grow-left\" ><span class=\"ld-fh-txt\"> <span style=\"color: #292929\">Envia-nos um email<\/span><br \/>\n<span style=\"color: #292929\"><strong><a style=\"color: #292929\" href=\"mailto:info@track4face.io\" target=\"_blank\" rel=\"noopener\">info@track4face.io<\/a><\/strong><\/span><\/span><\/p><\/div><style>.ld_spacer_69d1a9bc70040{height:20px;}<\/style>\n<div class=\"ld-empty-space ld_spacer_69d1a9bc70040\"><span class=\"liquid_empty_space_inner\"><\/span><\/div><\/div><\/div><\/div><\/div><\/div><\/div><\/div><\/div><\/div><div class=\"wpb_column vc_column_container vc_col-sm-1 liquid-column-69d1a9bc70685\"><div class=\"vc_column-inner\"><div class=\"wpb_wrapper\"   ><div class=\"wpb_wrapper-inner\"><\/div><\/div><\/div><\/div><style>@media (min-width: 1200px) { .liquid-column-responsive-69d1a9bc709f4 > .vc_column-inner > .wpb_wrapper {padding-top:40px !important; padding-right:30px !important; padding-bottom:20px !important; padding-left:30px !important;  }  } <\/style><div class=\"wpb_column vc_column_container vc_col-sm-5 liquid-column-69d1a9bc709f3 liquid-column-responsive-69d1a9bc709f4 vc_col-has-fill\" id=\"formuhome\"><div class=\"vc_column-inner\"><div class=\"wpb_wrapper vc_custom_1661504535658\"   ><div class=\"wpb_wrapper-inner\"><style>.ld_fancy_heading_69d1a9bc70b69 h3{font-size:28px;font-weight:600;}.ld_fancy_heading_69d1a9bc70b69 .lqd-highlight-inner{height:0.275em;bottom:0px;}<\/style><div class=\"ld-fancy-heading ld_fancy_heading_69d1a9bc70b69\">\n\t<h3 class=\"lqd-highlight-underline lqd-highlight-grow-left\" ><span class=\"ld-fh-txt\"> formul\u00e1rio de contato<\/span><\/h3><\/div><div id=\"ld_cf7_69d1a9bc74038\" class=\"lqd-contact-form lqd-contact-form-inputs-sm ld_cf7_69d1a9bc74038\">\n\t\n<div class=\"wpcf7 no-js\" id=\"wpcf7-f5039-o1\" lang=\"es-ES\" dir=\"ltr\">\n<div class=\"screen-reader-response\"><p role=\"status\" aria-live=\"polite\" aria-atomic=\"true\"><\/p> <ul><\/ul><\/div>\n<form action=\"\/pt\/wp-json\/wp\/v2\/pages\/4969#wpcf7-f5039-o1\" method=\"post\" class=\"wpcf7-form init\" aria-label=\"formul\u00e1rio de contato\" novalidate=\"novalidate\" data-status=\"init\" data-trp-original-action=\"\/pt\/wp-json\/wp\/v2\/pages\/4969#wpcf7-f5039-o1\">\n<div style=\"display: none;\">\n<input type=\"hidden\" name=\"_wpcf7\" value=\"5039\" \/>\n<input type=\"hidden\" name=\"_wpcf7_version\" value=\"5.7.7\" \/>\n<input type=\"hidden\" name=\"_wpcf7_locale\" value=\"es_ES\" \/>\n<input type=\"hidden\" name=\"_wpcf7_unit_tag\" value=\"wpcf7-f5039-o1\" \/>\n<input type=\"hidden\" name=\"_wpcf7_container_post\" value=\"0\" \/>\n<input type=\"hidden\" name=\"_wpcf7_posted_data_hash\" value=\"\" \/>\n<input type=\"hidden\" name=\"_wpcf7_recaptcha_response\" value=\"\" \/>\n<\/div>\n<p><span class=\"wpcf7-form-control-wrap\" data-name=\"your-company\"><input size=\"40\" class=\"wpcf7-form-control wpcf7-text\" aria-invalid=\"false\" placeholder=\"Nome da empresa\" value=\"\" type=\"text\" name=\"your-company\" \/><\/span>\n<\/p>\n<p><span class=\"wpcf7-form-control-wrap\" data-name=\"your-name\"><input size=\"40\" class=\"wpcf7-form-control wpcf7-text\" aria-invalid=\"false\" placeholder=\"Pessoa de contato\" value=\"\" type=\"text\" name=\"your-name\" \/><\/span>\n<\/p>\n<p><span class=\"wpcf7-form-control-wrap\" data-name=\"your-email\"><input size=\"40\" class=\"wpcf7-form-control wpcf7-text wpcf7-email wpcf7-validates-as-required wpcf7-validates-as-email\" aria-required=\"true\" aria-invalid=\"false\" placeholder=\"Correio eletr\u00f4nico*\" value=\"\" type=\"email\" name=\"your-email\" \/><\/span>\n<\/p>\n<p><span class=\"wpcf7-form-control-wrap\" data-name=\"your-phone\"><input size=\"40\" class=\"wpcf7-form-control wpcf7-text\" aria-invalid=\"false\" placeholder=\"Telefone\" value=\"\" type=\"text\" name=\"your-phone\" \/><\/span>\n<\/p>\n<p><span class=\"wpcf7-form-control-wrap\" data-name=\"your-message\"><textarea cols=\"40\" rows=\"10\" class=\"wpcf7-form-control wpcf7-textarea\" aria-invalid=\"false\" placeholder=\"Como podemos te ajudar?\" name=\"your-message\"><\/textarea><\/span>\n<\/p>\n<p><span class=\"wpcf7-form-control-wrap\" data-name=\"acceptance-477\"><span class=\"wpcf7-form-control wpcf7-acceptance\"><span class=\"wpcf7-list-item\"><label><input type=\"checkbox\" name=\"acceptance-477\" value=\"1\" aria-invalid=\"false\" \/><span class=\"wpcf7-list-item-label\">Eu aceito o <a href=\"https:\/\/track4face.io\/politica-de-privacidad\/\" target=\"_blank\">Pol\u00edtica de prote\u00e7\u00e3o de dados<\/a><\/span><\/label><\/span><\/span><\/span>\n<\/p>\n<p><span class=\"wpcf7-form-control-wrap\" data-name=\"acceptance-478\"><span class=\"wpcf7-form-control wpcf7-acceptance\"><span class=\"wpcf7-list-item\"><label><input type=\"checkbox\" name=\"acceptance-478\" value=\"1\" aria-invalid=\"false\" \/><span class=\"wpcf7-list-item-label\">Aceito receber informa\u00e7\u00f5es comerciais sobre as ofertas e promo\u00e7\u00f5es da TRACK4X SL relacionadas ao nosso setor de ENGENHARIA DE SOFTWARE. Consulte nosso  <a href=\"https:\/\/track4face.io\/politica-de-privacidad\/\" target=\"_blank\">Pol\u00edtica de prote\u00e7\u00e3o de dados<\/a> para mais informacao<\/span><\/label><\/span><\/span><\/span>\n<\/p>\n<p><input class=\"wpcf7-form-control has-spinner wpcf7-submit\" type=\"submit\" value=\"Enviar\" \/>\n<\/p><p style=\"display: none !important;\" class=\"akismet-fields-container\" data-prefix=\"_wpcf7_ak_\"><label>&#916;<textarea name=\"_wpcf7_ak_hp_textarea\" cols=\"45\" rows=\"8\" maxlength=\"100\"><\/textarea><\/label><input type=\"hidden\" id=\"ak_js_1\" name=\"_wpcf7_ak_js\" value=\"174\"\/><script>document.getElementById( \"ak_js_1\" ).setAttribute( \"value\", ( new Date() ).getTime() );<\/script><\/p><div class=\"wpcf7-response-output\" aria-hidden=\"true\"><\/div>\n<input type=\"hidden\" name=\"trp-form-language\" value=\"pt\"\/><\/form>\n<\/div>\n<\/div><\/div><\/div><\/div><\/div><div class=\"wpb_column vc_column_container vc_col-sm-1 liquid-column-69d1a9bc81a5d\"><div class=\"vc_column-inner\"><div class=\"wpb_wrapper\"   ><div class=\"wpb_wrapper-inner\"><\/div><\/div><\/div><\/div><\/div><\/div><\/section><style>@media (min-width: 1200px) { .liquid-row-responsive-69d1a9bc81e37 {padding-top:80px !important; padding-bottom:80px !important;  }  }   <\/style><section style=\"background:rgb(86, 86, 255);\" data-bg-image=\"url\" class=\"vc_row wpb_row vc_row-fluid vc_custom_1653638552015 row-contains-padding-top row-contains-padding-bottom liquid-row-responsive-69d1a9bc81e37 liquid-row-shadowbox-69d1a9bc81e58 vc_row-has-fill vc_row-has-bg vc_row-o-content-middle vc_row-flex\"><div class=\"ld-container container\"><div class=\"row ld-row\"><div class=\"wpb_column vc_column_container vc_col-sm-8 liquid-column-69d1a9bc82273\"><div class=\"vc_column-inner\"><div class=\"wpb_wrapper\"   ><div class=\"wpb_wrapper-inner\"><style>.ld_fancy_heading_69d1a9bc823b2 h2{font-size:40px;line-height:1.2em;font-weight:600;letter-spacing:-0.015em;color:rgb(255, 255, 255);}@media (min-width: 992px) { .ld_fancy_heading_69d1a9bc823b2 h2 {margin-bottom:0px !important;  }  } .ld_fancy_heading_69d1a9bc823b2 .lqd-highlight-inner{height:0.275em;bottom:0px;}@media (min-width: 992px) { .ld_fancy_heading_69d1a9bc823b2 h2 {margin-bottom:0px !important;  }  } <\/style><div class=\"ld-fancy-heading mask-text text-underline ld_fancy_heading_69d1a9bc823b2\">\n\t<h2 class=\"lqd-highlight-underline lqd-highlight-grow-left\" data-fittext=\"true\" data-fittext-options='{\"compressor\":0.5,\"maxFontSize\":\"currentFontSize\",\"minFontSize\":\"35\"}' data-split-text=\"true\" data-custom-animations=\"true\" data-ca-options='{\"triggerHandler\":\"inview\",\"animationTarget\":\".lqd-lines .split-inner\",\"duration\":700,\"delay\":100,\"easing\":\"easeOutQuint\",\"direction\":\"forward\",\"initValues\":{\"translateY\":84,\"rotateZ\":10},\"animations\":{\"translateY\":0,\"rotateZ\":0}}' data-split-options='{\"type\":\"lines\"}'><span class=\"ld-fh-txt\"> T\u00eam d\u00favidas?<\/span><\/h2><\/div><style>.ld_fancy_heading_69d1a9bc825e5 h2{font-size:24px;line-height:1.2em;font-weight:600;letter-spacing:-0.015em;color:rgb(255, 255, 255);}@media (min-width: 992px) { .ld_fancy_heading_69d1a9bc825e5 h2 {margin-bottom:0px !important;  }  } .ld_fancy_heading_69d1a9bc825e5 .lqd-highlight-inner{height:0.275em;bottom:0px;}@media (min-width: 992px) { .ld_fancy_heading_69d1a9bc825e5 h2 {margin-bottom:0px !important;  }  } <\/style><div class=\"ld-fancy-heading mask-text text-underline ld_fancy_heading_69d1a9bc825e5\">\n\t<h2 class=\"lqd-highlight-underline lqd-highlight-grow-left\" data-fittext=\"true\" data-fittext-options='{\"compressor\":0.5,\"maxFontSize\":\"currentFontSize\",\"minFontSize\":\"24\"}' data-split-text=\"true\" data-custom-animations=\"true\" data-ca-options='{\"triggerHandler\":\"inview\",\"animationTarget\":\".lqd-lines .split-inner\",\"duration\":700,\"delay\":100,\"easing\":\"easeOutQuint\",\"direction\":\"forward\",\"initValues\":{\"translateY\":84,\"rotateZ\":10},\"animations\":{\"translateY\":0,\"rotateZ\":0}}' data-split-options='{\"type\":\"lines\"}'><span class=\"ld-fh-txt\"> Aqui respondemos as mais comuns.<\/span><\/h2><\/div><\/div><\/div><\/div><\/div><div class=\"wpb_column vc_column_container vc_col-sm-4 liquid-column-69d1a9bc82a26\"><div class=\"vc_column-inner\"><div class=\"wpb_wrapper\"   ><div class=\"wpb_wrapper-inner\"><a href=\"https:\/\/track4face.com\/precios\/#faqs\" class=\"btn btn-solid btn-bordered border-thin ld_button_69d1a9bc86312\">\n\t<span>\n\t\t\n\t\t\t\t\t<span class=\"btn-txt\">Veja as perguntas frequentes<\/span>\n\t\t\t\n\t\t\t\t<\/span>\n<\/a>\n<\/div><\/div><\/div><\/div><\/div><\/div><\/section>","protected":false},"excerpt":{"rendered":"N\u00e3o hesite em contactar a nossa equipa. Teremos o maior prazer em ajud\u00e1-lo com...","protected":false},"author":1,"featured_media":0,"parent":0,"menu_order":0,"comment_status":"closed","ping_status":"closed","template":"","meta":{"inline_featured_image":false},"_links":{"self":[{"href":"https:\/\/track4face.pt\/pt\/wp-json\/wp\/v2\/pages\/4969"}],"collection":[{"href":"https:\/\/track4face.pt\/pt\/wp-json\/wp\/v2\/pages"}],"about":[{"href":"https:\/\/track4face.pt\/pt\/wp-json\/wp\/v2\/types\/page"}],"author":[{"embeddable":true,"href":"https:\/\/track4face.pt\/pt\/wp-json\/wp\/v2\/users\/1"}],"replies":[{"embeddable":true,"href":"https:\/\/track4face.pt\/pt\/wp-json\/wp\/v2\/comments?post=4969"}],"version-history":[{"count":65,"href":"https:\/\/track4face.pt\/pt\/wp-json\/wp\/v2\/pages\/4969\/revisions"}],"predecessor-version":[{"id":6011,"href":"https:\/\/track4face.pt\/pt\/wp-json\/wp\/v2\/pages\/4969\/revisions\/6011"}],"wp:attachment":[{"href":"https:\/\/track4face.pt\/pt\/wp-json\/wp\/v2\/media?parent=4969"}],"curies":[{"name":"wp","href":"https:\/\/api.w.org\/{rel}","templated":true}]}}