{"id":4967,"date":"2022-05-26T19:59:36","date_gmt":"2022-05-26T17:59:36","guid":{"rendered":"https:\/\/web.track4face.com\/?page_id=4967"},"modified":"2023-03-30T14:04:02","modified_gmt":"2023-03-30T12:04:02","slug":"precios","status":"publish","type":"page","link":"https:\/\/track4face.pt\/pt\/precios\/","title":{"rendered":"Pre\u00e7os"},"content":{"rendered":"<p><style>@media (min-width: 1200px) { .liquid-row-responsive-69d1aa384b296 {padding-top:120px !important; padding-bottom:70px !important;  }  }   <\/style><section data-bg-image=\"url\" class=\"vc_row wpb_row vc_row-fluid vc_custom_1656500426002 row-contains-padding-top row-contains-padding-bottom liquid-row-responsive-69d1aa384b296 liquid-row-shadowbox-69d1aa384b2bb vc_row-has-fill vc_row-has-bg\"><div class=\"ld-container container\"><div class=\"row ld-row\"><div class=\"wpb_column vc_column_container vc_col-sm-12 liquid-column-69d1aa384b9ce\"><div class=\"vc_column-inner\"><div class=\"wpb_wrapper\"   ><div class=\"wpb_wrapper-inner\"><h2 style=\"color: #ffffff;text-align: center\" class=\"vc_custom_heading\"  >PRE\u00c7OS<\/h2><\/div><\/div><\/div><\/div><\/div><\/div><\/section><style>@media (min-width: 1200px) { .liquid-row-responsive-69d1aa384c1c7 {padding-top:80px !important;  }  }   <\/style><section class=\"vc_row wpb_row vc_row-fluid vc_custom_1653635537911 row-contains-padding-top row-contains-padding-bottom liquid-row-responsive-69d1aa384c1c7 liquid-row-shadowbox-69d1aa384c1dd\"><div class=\"ld-container container\"><div class=\"row ld-row\"><div class=\"wpb_column vc_column_container vc_col-sm-2 liquid-column-69d1aa384c63a\"><div class=\"vc_column-inner\"><div class=\"wpb_wrapper\"   ><div class=\"wpb_wrapper-inner\"><\/div><\/div><\/div><\/div><div class=\"wpb_column vc_column_container vc_col-sm-8 liquid-column-69d1aa384c994\"><div class=\"vc_column-inner\"><div class=\"wpb_wrapper\"   ><div class=\"wpb_wrapper-inner\"><style>.ld_tabs_69d1aa384fbc6 .tabs-nav > li > a{color:rgb(86, 86, 255);}.ld_tabs_69d1aa384fbc6 .tabs-nav > li.active > a, .ld_tabs_69d1aa384fbc6 .tabs-nav > li:hover > a{color:rgb(255, 255, 255);}.ld_tabs_69d1aa384fbc6 .tabs-nav > li.active > a, .ld_tabs_69d1aa384fbc6 .tabs-nav > li > a:hover{background:rgb(86, 86, 255);}<\/style><div class=\"tabs tabs tabs-nav-centered tabs-nav-items-bordered tabs-nav-active-filled ld_tabs_69d1aa384fbc6\" >\n\t<ul class=\"nav tabs-nav text-uppercase ltr-sp-175 font-weight-bold\" role=\"tablist\"><li role=\"presentation\" class=\"h5 active text-uppercase\"><a href=\"#1653635388297-fadea8ab-500b\" aria-expanded=\"false\" aria-controls=\"1653635388297-fadea8ab-500b\" role=\"tab\" data-toggle=\"tab\">Anual<\/a><\/li><li role=\"presentation\" class=\"h5 text-uppercase\"><a href=\"#ld-1661182795725-291a1ea4-e73c\" aria-expanded=\"false\" aria-controls=\"ld-1661182795725-291a1ea4-e73c\" role=\"tab\" data-toggle=\"tab\">Por m\u00eas<\/a><\/li><\/ul>\t<div class=\"tabs-content\"><div id=\"1653635388297-fadea8ab-500b\" role=\"tabpanel\" class=\"tabs-pane fade active in\"><p><h5 style=\"text-align: center\" class=\"vc_custom_heading\"  >DESCONTO 17%<\/h5><div class=\"vc_empty_space\"   style=\"height: 32px\"><span class=\"vc_empty_space_inner\"><\/span><\/div><div class=\"vc_row wpb_row vc_inner vc_row-fluid liquid-row-shadowbox-69d1aa384d395 vc_column-gap-35 vc_row-o-content-middle vc_row-flex\"><div class=\"wpb_column vc_column_container vc_col-sm-6 liquid-column-69d1aa384d86a\"><div class=\"vc_column-inner\"><div class=\"wpb_wrapper\"  ><div class=\"wpb_wrapper-inner\"><style>.ld_price_table_69d1aa384d9cd.pricing-table-colorful .pricing-table-header:before{background:rgb(86, 86, 255);}.ld_price_table_69d1aa384d9cd.pricing-table-colorful h5 small, .ld_price_table_69d1aa384d9cd.pricing-table-colorful .featured-tag{color:rgb(86, 86, 255);}<\/style><div class=\"pricing-table pricing-table-colorful ld_price_table_69d1aa384d9cd\">\n\t\n\t\t\n\t<div class=\"pricing-table-header\">\n\t\t\t\t\t\t<h5>B\u00c1SICO <small>15\u20ac<\/small><\/h5>\t\t\n\t<\/div><!-- \/.pricing-table-head -->\n\t\n\t<div class=\"pricing-table-body\">\n\t\t<div class=\"py-2\">\n<div class=\"text-lg text-gray-700\">\n<div class=\"text-lg text-gray-700\">\n<div class=\"text-lg text-gray-700\"><span style=\"color: #5c5c5c\">*Pre\u00e7o por usu\u00e1rio por ano<\/span><\/div>\n<div class=\"text-lg text-gray-700\"><span style=\"color: #5c5c5c\">Contrata\u00e7\u00e3o m\u00ednima de 10 usu\u00e1rios. <\/span><\/div>\n<div class=\"text-lg text-gray-700\"><span style=\"color: #5c5c5c\">Experimente GRATUITAMENTE por um m\u00eas,<\/span><\/div>\n<div class=\"text-lg text-gray-700\"><span style=\"color: #5c5c5c\">sem compromisso ou cart\u00e3o de cr\u00e9dito<\/span><\/div>\n<\/div>\n<\/div>\n<\/div>\n<div class=\"py-2\">\n<div><\/div>\n<ul>\n<li class=\"font-medium text-lg flex\"><span class=\"ml-2\">Controle do tempo<\/span><\/li>\n<li class=\"font-medium text-lg flex\">aus\u00eancias e f\u00e9rias<\/li>\n<li class=\"font-medium text-lg flex\">Relat\u00f3rios e estat\u00edsticas<\/li>\n<li class=\"font-medium text-lg flex\">Tarefas<\/li>\n<li class=\"font-medium text-lg flex\">Portal do administrador e do funcion\u00e1rio<\/li>\n<li class=\"font-medium text-lg flex\">automa\u00e7\u00f5es<\/li>\n<li class=\"font-medium text-lg flex\">Avisos<\/li>\n<li class=\"font-medium text-lg flex\">Multiempresa<\/li>\n<\/ul>\n<\/div>\n\t<\/div><!-- \/.pricing-table-body -->\n\t\n\t<div class=\"pricing-table-footer\">\n\t\t\t\t\t\t\t\t\t\t\t\t\t\t\t\t<\/div><!-- \/.pricing-table-footer -->\n\t\n<\/div><!-- \/.pricing-table --><\/div><\/div><\/div><\/div><div class=\"wpb_column vc_column_container vc_col-sm-6 liquid-column-69d1aa384e395\"><div class=\"vc_column-inner\"><div class=\"wpb_wrapper\"  ><div class=\"wpb_wrapper-inner\"><style>.ld_price_table_69d1aa384e49c.pricing-table-colorful .pricing-table-header:before{background:rgb(94, 16, 188);}.ld_price_table_69d1aa384e49c.pricing-table-colorful h5 small, .ld_price_table_69d1aa384e49c.pricing-table-colorful .featured-tag{color:rgb(94, 16, 188);}<\/style><div class=\"pricing-table pricing-table-colorful ld_price_table_69d1aa384e49c\">\n\t\n\t\t\n\t<div class=\"pricing-table-header\">\n\t\t\t\t\t\t<h5>EMPREENDIMENTO <\/h5>\t\t\n\t<\/div><!-- \/.pricing-table-head -->\n\t\n\t<div class=\"pricing-table-body\">\n\t\t<div class=\"py-2\">\n<div class=\"text-lg text-gray-700\">\n<div class=\"text-lg text-gray-700\">\n<div class=\"text-lg text-gray-700\">\n<div class=\"text-lg text-gray-700\"><span style=\"color: #5c5c5c\">Voc\u00ea precisa de um grande n\u00famero de usu\u00e1rios?<\/span><\/div>\n<div class=\"text-lg text-gray-700\"><span style=\"color: #5c5c5c\">Contacte-nos para mais informa\u00e7\u00f5es<\/span><\/div>\n<div class=\"text-lg text-gray-700\"><span style=\"color: #5c5c5c\">Experimente GRATUITAMENTE por um m\u00eas,<\/span><\/div>\n<div class=\"text-lg text-gray-700\"><span style=\"color: #5c5c5c\">sem compromisso ou cart\u00e3o de cr\u00e9dito<\/span><\/div>\n<\/div>\n<\/div>\n<\/div>\n<\/div>\n<div class=\"py-2\">\n<div><\/div>\n<ul>\n<li class=\"font-medium text-lg flex\"><span class=\"ml-2\">Controle do tempo<\/span><\/li>\n<li class=\"font-medium text-lg flex\">aus\u00eancias e f\u00e9rias<\/li>\n<li class=\"font-medium text-lg flex\">Relat\u00f3rios e estat\u00edsticas<\/li>\n<li class=\"font-medium text-lg flex\">Tarefas<\/li>\n<li class=\"font-medium text-lg flex\">Portal do administrador e do funcion\u00e1rio<\/li>\n<li class=\"font-medium text-lg flex\">automa\u00e7\u00f5es<\/li>\n<li class=\"font-medium text-lg flex\">Avisos<\/li>\n<li class=\"font-medium text-lg flex\">Multiempresa<\/li>\n<\/ul>\n<\/div>\n\t<\/div><!-- \/.pricing-table-body -->\n\t\n\t<div class=\"pricing-table-footer\">\n\t\t\t\t\t\t\t\t\t\t\t\t\t\t\t\t<\/div><!-- \/.pricing-table-footer -->\n\t\n<\/div><!-- \/.pricing-table --><\/div><\/div><\/div><\/div><\/div>\n<\/div><div id=\"ld-1661182795725-291a1ea4-e73c\" role=\"tabpanel\" class=\"tabs-pane fade\"><div class=\"vc_empty_space\"   style=\"height: 32px\"><span class=\"vc_empty_space_inner\"><\/span><\/div><div class=\"vc_row wpb_row vc_inner vc_row-fluid liquid-row-shadowbox-69d1aa384ece1 vc_column-gap-35 vc_row-o-content-middle vc_row-flex\"><div class=\"wpb_column vc_column_container vc_col-sm-6 liquid-column-69d1aa384efdf\"><div class=\"vc_column-inner\"><div class=\"wpb_wrapper\"  ><div class=\"wpb_wrapper-inner\"><style>.ld_price_table_69d1aa384f0f9.pricing-table-colorful .pricing-table-header:before{background:rgb(86, 86, 255);}.ld_price_table_69d1aa384f0f9.pricing-table-colorful h5 small, .ld_price_table_69d1aa384f0f9.pricing-table-colorful .featured-tag{color:rgb(86, 86, 255);}<\/style><div class=\"pricing-table pricing-table-colorful ld_price_table_69d1aa384f0f9\">\n\t\n\t\t\n\t<div class=\"pricing-table-header\">\n\t\t\t\t\t\t<h5>B\u00c1SICO <small>1,5\u20ac<\/small><\/h5>\t\t\n\t<\/div><!-- \/.pricing-table-head -->\n\t\n\t<div class=\"pricing-table-body\">\n\t\t<div class=\"py-2\">\n<div class=\"text-lg text-gray-700\">\n<div class=\"text-lg text-gray-700\">\n<div class=\"text-lg text-gray-700\"><span style=\"color: #5c5c5c\">*Pre\u00e7o por usu\u00e1rio por m\u00eas<\/span><\/div>\n<div class=\"text-lg text-gray-700\"><span style=\"color: #5c5c5c\">Contrata\u00e7\u00e3o m\u00ednima de 10 usu\u00e1rios. <\/span><\/div>\n<div class=\"text-lg text-gray-700\"><span style=\"color: #5c5c5c\">Experimente GRATUITAMENTE por um m\u00eas,<\/span><\/div>\n<div class=\"text-lg text-gray-700\"><span style=\"color: #5c5c5c\">sem compromisso ou cart\u00e3o de cr\u00e9dito<\/span><\/div>\n<\/div>\n<\/div>\n<\/div>\n<div class=\"py-2\">\n<div><\/div>\n<ul>\n<li class=\"font-medium text-lg flex\"><span class=\"ml-2\">Controle do tempo<\/span><\/li>\n<li class=\"font-medium text-lg flex\">aus\u00eancias e f\u00e9rias<\/li>\n<li class=\"font-medium text-lg flex\">Relat\u00f3rios e estat\u00edsticas<\/li>\n<li class=\"font-medium text-lg flex\">Tarefas<\/li>\n<li class=\"font-medium text-lg flex\">Portal do administrador e do funcion\u00e1rio<\/li>\n<li class=\"font-medium text-lg flex\">automa\u00e7\u00f5es<\/li>\n<li class=\"font-medium text-lg flex\">Avisos<\/li>\n<li class=\"font-medium text-lg flex\">Multiempresa<\/li>\n<\/ul>\n<\/div>\n\t<\/div><!-- \/.pricing-table-body -->\n\t\n\t<div class=\"pricing-table-footer\">\n\t\t\t\t\t\t\t\t\t\t\t\t\t\t\t\t<\/div><!-- \/.pricing-table-footer -->\n\t\n<\/div><!-- \/.pricing-table --><\/div><\/div><\/div><\/div><div class=\"wpb_column vc_column_container vc_col-sm-6 liquid-column-69d1aa384f6f4\"><div class=\"vc_column-inner\"><div class=\"wpb_wrapper\"  ><div class=\"wpb_wrapper-inner\"><style>.ld_price_table_69d1aa384f7f2.pricing-table-colorful .pricing-table-header:before{background:rgb(94, 16, 188);}.ld_price_table_69d1aa384f7f2.pricing-table-colorful h5 small, .ld_price_table_69d1aa384f7f2.pricing-table-colorful .featured-tag{color:rgb(94, 16, 188);}<\/style><div class=\"pricing-table pricing-table-colorful ld_price_table_69d1aa384f7f2\">\n\t\n\t\t\n\t<div class=\"pricing-table-header\">\n\t\t\t\t\t\t<h5>EMPREENDIMENTO <\/h5>\t\t\n\t<\/div><!-- \/.pricing-table-head -->\n\t\n\t<div class=\"pricing-table-body\">\n\t\t<div class=\"py-2\">\n<div class=\"text-lg text-gray-700\">\n<div class=\"text-lg text-gray-700\">\n<div class=\"text-lg text-gray-700\">\n<div class=\"text-lg text-gray-700\"><span style=\"color: #5c5c5c\">Voc\u00ea precisa de um grande n\u00famero de usu\u00e1rios?<\/span><\/div>\n<div class=\"text-lg text-gray-700\"><span style=\"color: #5c5c5c\">Contacte-nos para mais informa\u00e7\u00f5es<\/span><\/div>\n<div class=\"text-lg text-gray-700\"><span style=\"color: #5c5c5c\">Experimente GRATUITAMENTE por um m\u00eas,<\/span><\/div>\n<div class=\"text-lg text-gray-700\"><span style=\"color: #5c5c5c\">sem compromisso ou cart\u00e3o de cr\u00e9dito<\/span><\/div>\n<\/div>\n<\/div>\n<\/div>\n<\/div>\n<div class=\"py-2\">\n<div><\/div>\n<ul>\n<li class=\"font-medium text-lg flex\"><span class=\"ml-2\">Controle do tempo<\/span><\/li>\n<li class=\"font-medium text-lg flex\">aus\u00eancias e f\u00e9rias<\/li>\n<li class=\"font-medium text-lg flex\">Relat\u00f3rios e estat\u00edsticas<\/li>\n<li class=\"font-medium text-lg flex\">Tarefas<\/li>\n<li class=\"font-medium text-lg flex\">Portal do administrador e do funcion\u00e1rio<\/li>\n<li class=\"font-medium text-lg flex\">automa\u00e7\u00f5es<\/li>\n<li class=\"font-medium text-lg flex\">Avisos<\/li>\n<li class=\"font-medium text-lg flex\">Multiempresa<\/li>\n<\/ul>\n<\/div>\n\t<\/div><!-- \/.pricing-table-body -->\n\t\n\t<div class=\"pricing-table-footer\">\n\t\t\t\t\t\t\t\t\t\t\t\t\t\t\t\t<\/div><!-- \/.pricing-table-footer -->\n\t\n<\/div><!-- \/.pricing-table --><\/div><\/div><\/div><\/div><\/div>\n<\/div><\/div><\/div>\n<\/div><\/div><\/div><\/div><div class=\"wpb_column vc_column_container vc_col-sm-2 liquid-column-69d1aa3850084\"><div class=\"vc_column-inner\"><div class=\"wpb_wrapper\"   ><div class=\"wpb_wrapper-inner\"><\/div><\/div><\/div><\/div><\/div><\/div><\/section><style>@media (min-width: 1200px) { .liquid-row-responsive-69d1aa3850409 {padding-bottom:100px !important;  }  }   <\/style><section id=\"faqs\" class=\"vc_row wpb_row vc_row-fluid vc_custom_1653637798856 row-contains-padding-top row-contains-padding-bottom liquid-row-responsive-69d1aa3850409 liquid-row-shadowbox-69d1aa3850420\"><div class=\"ld-container container\"><div class=\"row ld-row\"><div class=\"wpb_column vc_column_container vc_col-sm-12 vc_col-md-offset-3 vc_col-md-6 text-center liquid-column-69d1aa385082e\"><div class=\"vc_column-inner\"><div class=\"wpb_wrapper\"  data-custom-animations=\"true\" data-ca-options='{\"triggerHandler\":\"inview\",\"animationTarget\":\"all-childs\",\"duration\":700,\"delay\":100,\"easing\":\"easeOutQuint\",\"direction\":\"forward\",\"initValues\":{\"translateY\":33,\"opacity\":0},\"animations\":{\"translateY\":0,\"opacity\":1}}' ><div class=\"wpb_wrapper-inner\"><style>.ld_fancy_heading_69d1aa3850971 h2{font-size:44px;}.ld_fancy_heading_69d1aa3850971 .lqd-highlight-inner{height:0.275em;bottom:0px;}<\/style><div class=\"ld-fancy-heading ld_fancy_heading_69d1aa3850971\">\n\t<h2 class=\"lqd-highlight-underline lqd-highlight-grow-left\" ><span class=\"ld-fh-txt\"> Tem alguma d\u00favida?<\/span><\/h2><\/div><style>.ld_spacer_69d1aa3850b09{height:15px;}<\/style>\n<div class=\"ld-empty-space ld_spacer_69d1aa3850b09\"><span class=\"liquid_empty_space_inner\"><\/span><\/div><\/div><\/div><\/div><\/div><style>@media (min-width: 992px) { .liquid-column-responsive-69d1aa3850f1f > .vc_column-inner > .wpb_wrapper {padding-right:90px !important; padding-left:90px !important;  }  } <\/style><div class=\"wpb_column vc_column_container vc_col-sm-12 vc_col-md-offset-2 vc_col-md-8 liquid-column-69d1aa3850f1d liquid-column-responsive-69d1aa3850f1f vc_col-has-fill\"><div class=\"vc_column-inner\"><div class=\"wpb_wrapper vc_custom_1653640417711\"  data-custom-animations=\"true\" data-ca-options='{\"triggerHandler\":\"inview\",\"animationTarget\":\"all-childs\",\"duration\":\"1200\",\"delay\":\"150\",\"easing\":\"easeOutQuint\",\"direction\":\"forward\",\"initValues\":{\"translateY\":35,\"translateZ\":-147,\"rotateX\":-66,\"opacity\":0},\"animations\":{\"translateY\":0,\"translateZ\":0,\"rotateX\":0,\"opacity\":1}}' ><div class=\"wpb_wrapper-inner\"><style>.vc_accordion_69d1aa38516c7 .accordion-title{font-size:19px;line-height:1.5em;}.vc_accordion_69d1aa38516c7 .accordion-title a{color:rgb(30, 22, 102);}.vc_accordion_69d1aa38516c7 .active .accordion-title a{color:rgb(30, 22, 102);}.vc_accordion_69d1aa38516c7 .accordion-expander{color:rgb(159, 159, 159);}.vc_accordion_69d1aa38516c7 .active .accordion-expander{color:rgb(131, 0, 255);}<\/style><div class=\"accordion accordion-xs accordion-body-underlined accordion-expander-lg vc_accordion_69d1aa38516c7\" id=\"vc_accordion_69d1aa38516c7\" role=\"tablist\" aria-multiselectable=\"true\">\n\n\t<div class=\"accordion-item panel\">\n\n\t\t<div class=\"accordion-heading\" role=\"tab\" id=\"heading_1532074942188-28a08668-799fc4e3-6001\">\n\t\t\t<h4 class=\"accordion-title\">\n\t\t\t\t<a class=\"collapsed\" data-toggle=\"collapse\" data-parent=\"#vc_accordion_69d1aa38516c7\" href=\"#1532074942188-28a08668-799fc4e3-6001\" aria-expanded=\"false\" aria-controls=\"1532074942188-28a08668-799fc4e3-6001\">\n\t\t\t\t\t\n\t\t\t\t\t\n\t\t\t\t\tQuais s\u00e3o os m\u00e9todos de pagamento aceitos?\n\t\t\t\t\t\t\t\t\t\t<span class=\"accordion-expander\">\n\t\t\t\t\t\t<i class=\"icon-arrows_circle_plus\"><\/i>\n\t\t\t\t\t\t<i class=\"icon-arrows_circle_minus\"><\/i>\n\t\t\t\t\t<\/span>\n\t\t\t\t\t\n\t\t\t\t<\/a>\n\t\t\t\t\n\t\t\t<\/h4>\n\t\t<\/div>\n\n\t\t<div id=\"1532074942188-28a08668-799fc4e3-6001\" class=\"accordion-collapse collapse\" role=\"tabpanel\" aria-labelledby=\"heading_1532074942188-28a08668-799fc4e3-6001\">\n\t\t\t<div class=\"accordion-content\">\n\t\t\t\n\t<div class=\"wpb_text_column wpb_content_element\" >\n\t\t<div class=\"wpb_wrapper\">\n\t\t\t<p><span style=\"color: #7573a1;\">Atualmente aceitamos pagamento por cart\u00e3o e Google Play. Estamos a preparar o pagamento com Paypal num futuro pr\u00f3ximo.<\/span><\/p>\n\n\t\t<\/div>\n\t<\/div>\n\n\t\t\t<\/div>\n\t\t<\/div>\n\t<\/div>\n\t<div class=\"accordion-item panel\">\n\n\t\t<div class=\"accordion-heading\" role=\"tab\" id=\"heading_ld-1532075226851-84f4170a-260fc4e3-6001\">\n\t\t\t<h4 class=\"accordion-title\">\n\t\t\t\t<a class=\"collapsed\" data-toggle=\"collapse\" data-parent=\"#vc_accordion_69d1aa38516c7\" href=\"#ld-1532075226851-84f4170a-260fc4e3-6001\" aria-expanded=\"false\" aria-controls=\"ld-1532075226851-84f4170a-260fc4e3-6001\">\n\t\t\t\t\t\n\t\t\t\t\t\n\t\t\t\t\t\u00c9 necess\u00e1rio um m\u00e9todo de pagamento para se inscrever?\n\t\t\t\t\t\t\t\t\t\t<span class=\"accordion-expander\">\n\t\t\t\t\t\t<i class=\"icon-arrows_circle_plus\"><\/i>\n\t\t\t\t\t\t<i class=\"icon-arrows_circle_minus\"><\/i>\n\t\t\t\t\t<\/span>\n\t\t\t\t\t\n\t\t\t\t<\/a>\n\t\t\t\t\n\t\t\t<\/h4>\n\t\t<\/div>\n\n\t\t<div id=\"ld-1532075226851-84f4170a-260fc4e3-6001\" class=\"accordion-collapse collapse\" role=\"tabpanel\" aria-labelledby=\"heading_ld-1532075226851-84f4170a-260fc4e3-6001\">\n\t\t\t<div class=\"accordion-content\">\n\t\t\t\n\t<div class=\"wpb_text_column wpb_content_element\" >\n\t\t<div class=\"wpb_wrapper\">\n\t\t\t<p><span style=\"color: #7573a1;\"><strong>N\u00e3o, n\u00e3o \u00e9 necess\u00e1rio<\/strong> que voc\u00ea insira um m\u00e9todo de pagamento para poder experimentar o Track4face. <strong>Registre sua conta e experimente gr\u00e1tis por 15 dias sem compromisso<\/strong>, assim que o per\u00edodo de teste terminar, se voc\u00ea decidir continuar conosco, solicitaremos que voc\u00ea insira um m\u00e9todo de pagamento.<\/span><\/p>\n\n\t\t<\/div>\n\t<\/div>\n\n\t\t\t<\/div>\n\t\t<\/div>\n\t<\/div>\n\t<div class=\"accordion-item panel\">\n\n\t\t<div class=\"accordion-heading\" role=\"tab\" id=\"heading_ld-1532075228316-87eff853-049dc4e3-6001\">\n\t\t\t<h4 class=\"accordion-title\">\n\t\t\t\t<a class=\"collapsed\" data-toggle=\"collapse\" data-parent=\"#vc_accordion_69d1aa38516c7\" href=\"#ld-1532075228316-87eff853-049dc4e3-6001\" aria-expanded=\"false\" aria-controls=\"ld-1532075228316-87eff853-049dc4e3-6001\">\n\t\t\t\t\t\n\t\t\t\t\t\n\t\t\t\t\tEu tenho alguma perman\u00eancia?\n\t\t\t\t\t\t\t\t\t\t<span class=\"accordion-expander\">\n\t\t\t\t\t\t<i class=\"icon-arrows_circle_plus\"><\/i>\n\t\t\t\t\t\t<i class=\"icon-arrows_circle_minus\"><\/i>\n\t\t\t\t\t<\/span>\n\t\t\t\t\t\n\t\t\t\t<\/a>\n\t\t\t\t\n\t\t\t<\/h4>\n\t\t<\/div>\n\n\t\t<div id=\"ld-1532075228316-87eff853-049dc4e3-6001\" class=\"accordion-collapse collapse\" role=\"tabpanel\" aria-labelledby=\"heading_ld-1532075228316-87eff853-049dc4e3-6001\">\n\t\t\t<div class=\"accordion-content\">\n\t\t\t\n\t<div class=\"wpb_text_column wpb_content_element\" >\n\t\t<div class=\"wpb_wrapper\">\n\t\t\t<p><span style=\"color: #7573a1;\">Em absoluto! O Track4face \u00e9 um sistema aberto, voc\u00ea pode se cadastrar e cancelar quando quiser, na hora que quiser, por quantos meses precisar.<\/span><\/p>\n\n\t\t<\/div>\n\t<\/div>\n\n\t\t\t<\/div>\n\t\t<\/div>\n\t<\/div>\n<\/div><\/div><\/div><\/div><\/div><\/div><\/div><\/section>","protected":false},"excerpt":{"rendered":"PRE\u00c7OS AnualMensal 17% DESCONTO B\u00c1SICO 15\u20ac *Pre\u00e7o por utilizador ao ano Contrata\u00e7\u00e3o m\u00ednima 10...","protected":false},"author":1,"featured_media":0,"parent":0,"menu_order":0,"comment_status":"closed","ping_status":"closed","template":"","meta":{"inline_featured_image":false},"_links":{"self":[{"href":"https:\/\/track4face.pt\/pt\/wp-json\/wp\/v2\/pages\/4967"}],"collection":[{"href":"https:\/\/track4face.pt\/pt\/wp-json\/wp\/v2\/pages"}],"about":[{"href":"https:\/\/track4face.pt\/pt\/wp-json\/wp\/v2\/types\/page"}],"author":[{"embeddable":true,"href":"https:\/\/track4face.pt\/pt\/wp-json\/wp\/v2\/users\/1"}],"replies":[{"embeddable":true,"href":"https:\/\/track4face.pt\/pt\/wp-json\/wp\/v2\/comments?post=4967"}],"version-history":[{"count":59,"href":"https:\/\/track4face.pt\/pt\/wp-json\/wp\/v2\/pages\/4967\/revisions"}],"predecessor-version":[{"id":6003,"href":"https:\/\/track4face.pt\/pt\/wp-json\/wp\/v2\/pages\/4967\/revisions\/6003"}],"wp:attachment":[{"href":"https:\/\/track4face.pt\/pt\/wp-json\/wp\/v2\/media?parent=4967"}],"curies":[{"name":"wp","href":"https:\/\/api.w.org\/{rel}","templated":true}]}}